{"id":4895,"date":"2025-03-24T00:44:34","date_gmt":"2025-03-24T03:44:34","guid":{"rendered":"https:\/\/mkapremium.com.br\/?post_type=product&#038;p=4895"},"modified":"2025-09-12T01:33:56","modified_gmt":"2025-09-12T04:33:56","slug":"kit-mclaren-720s","status":"publish","type":"product","link":"https:\/\/mkapremium.com.br\/?product=kit-mclaren-720s","title":{"rendered":"Kit &#8211; MCLAREN 720S"},"content":{"rendered":"<p class=\"\" data-start=\"0\" data-end=\"41\"><strong data-start=\"0\" data-end=\"41\">Kit McLaren &#8211; Estilo e Performance \ud83d\udd25<\/strong><\/p>\n<p class=\"\" data-start=\"43\" data-end=\"189\">Transforme seu carro com o exclusivo <strong data-start=\"80\" data-end=\"95\">Kit McLaren<\/strong> em <strong data-start=\"99\" data-end=\"114\">Full Carbon<\/strong>. Design sofisticado, alta performance e durabilidade em um s\u00f3 pacote! \ud83d\ude97\ud83d\udca8<\/p>\n<p class=\"\" data-start=\"191\" data-end=\"247\">Garanta o seu e leve seu ve\u00edculo para o pr\u00f3ximo n\u00edvel! \u2728<\/p>\n","protected":false},"excerpt":{"rendered":"<p>Kit McLaren &#8211; Estilo e Performance \ud83d\udd25 Transforme seu carro com o exclusivo Kit McLaren em Full Carbon. Design sofisticado, alta performance e durabilidade em um s\u00f3 pacote! \ud83d\ude97\ud83d\udca8 Garanta o seu e leve seu ve\u00edculo para o pr\u00f3ximo n\u00edvel! \u2728<\/p>\n","protected":false},"featured_media":4898,"comment_status":"open","ping_status":"closed","template":"","meta":[],"product_cat":[35],"product_tag":[],"class_list":{"0":"post-4895","1":"product","2":"type-product","3":"status-publish","4":"has-post-thumbnail","6":"product_cat-kits","8":"first","9":"instock","10":"sold-individually","11":"shipping-taxable","12":"purchasable","13":"product-type-simple"},"_links":{"self":[{"href":"https:\/\/mkapremium.com.br\/index.php?rest_route=\/wp\/v2\/product\/4895","targetHints":{"allow":["GET"]}}],"collection":[{"href":"https:\/\/mkapremium.com.br\/index.php?rest_route=\/wp\/v2\/product"}],"about":[{"href":"https:\/\/mkapremium.com.br\/index.php?rest_route=\/wp\/v2\/types\/product"}],"replies":[{"embeddable":true,"href":"https:\/\/mkapremium.com.br\/index.php?rest_route=%2Fwp%2Fv2%2Fcomments&post=4895"}],"wp:featuredmedia":[{"embeddable":true,"href":"https:\/\/mkapremium.com.br\/index.php?rest_route=\/wp\/v2\/media\/4898"}],"wp:attachment":[{"href":"https:\/\/mkapremium.com.br\/index.php?rest_route=%2Fwp%2Fv2%2Fmedia&parent=4895"}],"wp:term":[{"taxonomy":"product_cat","embeddable":true,"href":"https:\/\/mkapremium.com.br\/index.php?rest_route=%2Fwp%2Fv2%2Fproduct_cat&post=4895"},{"taxonomy":"product_tag","embeddable":true,"href":"https:\/\/mkapremium.com.br\/index.php?rest_route=%2Fwp%2Fv2%2Fproduct_tag&post=4895"}],"curies":[{"name":"wp","href":"https:\/\/api.w.org\/{rel}","templated":true}]}}